{"id":10635,"date":"2025-09-16T18:02:22","date_gmt":"2025-09-16T16:02:22","guid":{"rendered":"https:\/\/www.ferro.cat\/Despertaferro\/?page_id=10635"},"modified":"2025-09-16T18:03:20","modified_gmt":"2025-09-16T16:03:20","slug":"politica-de-cookies","status":"publish","type":"page","link":"https:\/\/www.ferro.cat\/Despertaferro\/politica-de-cookies\/","title":{"rendered":"Pol\u00edtica de Cookies"},"content":{"rendered":"<div class=\"wpb-content-wrapper\"><p>[vc_row full_width=&#8221;stretch_row&#8221; content_placement=&#8221;middle&#8221; css=&#8221;.vc_custom_1758038003002{margin-bottom: 40px !important;background-image: url(https:\/\/www.ferro.cat\/Despertaferro\/wp-content\/uploads\/2021\/11\/guerrero-agua-scaled.png?id=10520) !important;background-position: center !important;background-repeat: no-repeat !important;background-size: cover !important;}&#8221; woodmart_css_id=&#8221;68c987de6ec1f&#8221; responsive_spacing=&#8221;eyJwYXJhbV90eXBlIjoid29vZG1hcnRfcmVzcG9uc2l2ZV9zcGFjaW5nIiwic2VsZWN0b3JfaWQiOiI2OGM5ODdkZTZlYzFmIiwic2hvcnRjb2RlIjoidmNfcm93IiwiZGF0YSI6eyJ0YWJsZXQiOnt9LCJtb2JpbGUiOnt9fX0=&#8221; mobile_bg_img_hidden=&#8221;no&#8221; tablet_bg_img_hidden=&#8221;no&#8221; woodmart_parallax=&#8221;0&#8243; woodmart_gradient_switch=&#8221;no&#8221; woodmart_box_shadow=&#8221;no&#8221; wd_z_index=&#8221;no&#8221; woodmart_disable_overflow=&#8221;0&#8243; row_reverse_mobile=&#8221;0&#8243; row_reverse_tablet=&#8221;0&#8243;][vc_column]\t\t<div id=\"wd-68c98a02d85b7\" class=\"wd-text-block wd-wpb reset-last-child wd-rs-68c98a02d85b7 text-left \">\n\t\t\t<p style=\"text-align: justify;\"><span style=\"color: #000000;\"><b>POL\u00cdTICA DE COOKIES<\/b> <b>www.ferro.cat<\/b><\/span><\/p>\n<p style=\"text-align: justify;\"><span style=\"color: #000000;\">L&#8217;acc\u00e9s a aquest Lloc Web pot implicar la utilitzaci\u00f3 de <b>cookies<\/b>. Les cookies s\u00f3n petites quantitats d&#8217;informaci\u00f3 que s&#8217;emmagatzemen al navegador utilitzat per cada Usuari \u2014en els diferents dispositius que pugui utilitzar per navegar\u2014 perqu\u00e8 el servidor recordi certa informaci\u00f3 que posteriorment i \u00fanicament el servidor que la va implementar llegir\u00e0. Les cookies faciliten la navegaci\u00f3, la fan m\u00e9s amigable, i no fan mal al dispositiu de navegaci\u00f3.<\/span><\/p>\n<p style=\"text-align: justify;\"><span style=\"color: #000000;\">Les cookies s\u00f3n procediments autom\u00e0tics de recollida d&#8217;informaci\u00f3 relativa a les prefer\u00e8ncies determinades per l&#8217;Usuari durant la seva visita al Lloc Web per tal de recon\u00e8ixer-lo com a Usuari, i personalitzar la seva experi\u00e8ncia i l&#8217;\u00fas del Lloc Web, i poden tamb\u00e9, per exemple, ajudar a identificar i resoldre errors.<\/span><\/p>\n<p style=\"text-align: justify;\"><span style=\"color: #000000;\">La informaci\u00f3 recollida a trav\u00e9s de les cookies pot incloure la data i hora de visites al Lloc Web, les p\u00e0gines visionades, el temps que ha estat al Lloc Web i els llocs visitats just abans i despr\u00e9s d&#8217;aquest. No obstant aix\u00f2, cap cookie permet que aquesta mateixa pugui contactar-se amb el n\u00famero de tel\u00e8fon de l&#8217;Usuari o amb qualsevol altre mitj\u00e0 de contacte personal. Cap cookie pot extreure informaci\u00f3 del disc dur de l&#8217;Usuari o robar informaci\u00f3 personal. L&#8217;\u00fanica manera que la informaci\u00f3 privada de l&#8217;Usuari formi part de l&#8217;arxiu Cookie \u00e9s que l&#8217;usuari doni personalment aquesta informaci\u00f3 al servidor.<\/span><\/p>\n<p style=\"text-align: justify;\"><span style=\"color: #000000;\">Les cookies que permeten identificar una persona es consideren dades personals. Per tant, se&#8217;ls aplicar\u00e0 la Pol\u00edtica de Privacitat anteriorment descrita. En aquest sentit, per a la seva utilitzaci\u00f3 ser\u00e0 necessari el consentiment de l&#8217;Usuari. Aquest consentiment ser\u00e0 comunicat, basant-se en una elecci\u00f3 aut\u00e8ntica, ofert mitjan\u00e7ant una decisi\u00f3 afirmativa i positiva, abans del tractament inicial, removible i documentat.<\/span><\/p>\n<h4 style=\"text-align: justify;\"><span style=\"color: #000000;\"><b>Cookies pr\u00f2pies<\/b><\/span><\/h4>\n<p style=\"text-align: justify;\"><span style=\"color: #000000;\">S\u00f3n aquelles cookies que s\u00f3n enviades a l&#8217;ordinador o dispositiu de l&#8217;Usuari i gestionades exclusivament per <b>La Rostisseria de Vilafranca del Pened\u00e8s<\/b> per al millor funcionament del Lloc Web. La informaci\u00f3 que es recull s&#8217;empra <span class=\"citation-351 citation-end-351\">per millorar la qualitat del Lloc Web i el seu Contingut i la seva experi\u00e8ncia com a Usuari. Aquestes cookies permeten recon\u00e8ixer a l&#8217;Usuari com a visitant recurrent del Lloc Web i adaptar el contingut per oferir-li continguts que s&#8217;ajustin a les seves prefer\u00e8ncies<\/span>.<\/span><\/p>\n<div class=\"source-inline-chip-container ng-star-inserted\" style=\"text-align: justify;\"><\/div>\n<h4 style=\"text-align: justify;\"><span style=\"color: #000000;\"><b>Cookies de xarxes socials<\/b><\/span><\/h4>\n<p style=\"text-align: justify;\"><span style=\"color: #000000;\"><b>La Rostisseria de Vilafranca del Pened\u00e8s<\/b> incorpora connectors de xarxes socials, que permeten accedir a aquestes a partir del Lloc Web. Per aquesta ra\u00f3, les cookies de xarxes socials poden emmagatzemar-se al navegador de l&#8217;Usuari. Els titulars d&#8217;aquestes xarxes socials disposen de les seves pr\u00f2pies pol\u00edtiques de protecci\u00f3 de dades i de cookies, sent ells mateixos, en cada cas, responsables dels seus propis fitxers i de les seves pr\u00f2pies pr\u00e0ctiques de privacitat. L&#8217;Usuari ha de referir-se a elles per informar-se sobre aquestes cookies i, si escau, del tractament de les seves dades personals. \u00danicament a t\u00edtol informatiu s&#8217;indiquen a continuaci\u00f3 els enlla\u00e7os en els quals es poden consultar aquestes pol\u00edtiques de privacitat i\/o de cookies:<\/span><\/p>\n<ul style=\"text-align: justify;\">\n<li><span style=\"color: #000000;\"><b>Facebook<\/b>: <a class=\"ng-star-inserted\" style=\"color: #000000;\" href=\"https:\/\/www.facebook.com\/policies\/cookies\/\" target=\"_blank\" rel=\"noopener\" data-hveid=\"0\" data-ved=\"0CAAQ_4QMahcKEwjwy43a0N2PAxUAAAAAHQAAAAAQXA\">https:\/\/www.facebook.com\/policies\/cookies\/<\/a><\/span><\/li>\n<li><span style=\"color: #000000;\"><b>Twitter<\/b>: <a class=\"ng-star-inserted\" style=\"color: #000000;\" href=\"https:\/\/twitter.com\/es\/privacy\" target=\"_blank\" rel=\"noopener\" data-hveid=\"0\" data-ved=\"0CAAQ_4QMahcKEwjwy43a0N2PAxUAAAAAHQAAAAAQXQ\">https:\/\/twitter.com\/es\/privacy<\/a><\/span><\/li>\n<li><span style=\"color: #000000;\"><b>Instagram<\/b>: <a class=\"ng-star-inserted\" style=\"color: #000000;\" href=\"https:\/\/help.instagram.com\/1896641480634370?ref=ig\" target=\"_blank\" rel=\"noopener\" data-hveid=\"0\" data-ved=\"0CAAQ_4QMahcKEwjwy43a0N2PAxUAAAAAHQAAAAAQXg\">https:\/\/help.instagram.com\/1896641480634370?ref=ig<\/a><\/span><\/li>\n<li><span style=\"color: #000000;\"><b>YouTube<\/b>: <a class=\"ng-star-inserted\" style=\"color: #000000;\" href=\"https:\/\/policies.google.com\/privacy?hl=es-419&amp;gl=mx\" target=\"_blank\" rel=\"noopener\" data-hveid=\"0\" data-ved=\"0CAAQ_4QMahcKEwjwy43a0N2PAxUAAAAAHQAAAAAQXw\">https:\/\/policies.google.com\/privacy?hl=es-419&amp;gl=mx<\/a><\/span><\/li>\n<li><span style=\"color: #000000;\"><b>Pinterest<\/b>: <a class=\"ng-star-inserted\" style=\"color: #000000;\" href=\"https:\/\/policy.pinterest.com\/es\/privacy-policy\" target=\"_blank\" rel=\"noopener\" data-hveid=\"0\" data-ved=\"0CAAQ_4QMahcKEwjwy43a0N2PAxUAAAAAHQAAAAAQYA\">https:\/\/policy.pinterest.com\/es\/privacy-policy<\/a><\/span><\/li>\n<li><span style=\"color: #000000;\"><b>LinkedIn<\/b>: <a class=\"ng-star-inserted\" style=\"color: #000000;\" href=\"https:\/\/www.linkedin.com\/legal\/cookie-policy?trk=hp-cookies\" target=\"_blank\" rel=\"noopener\" data-hveid=\"0\" data-ved=\"0CAAQ_4QMahcKEwjwy43a0N2PAxUAAAAAHQAAAAAQYQ\">https:\/\/www.linkedin.com\/legal\/cookie-policy?trk=hp-cookies<\/a><\/span><\/li>\n<\/ul>\n<h4 style=\"text-align: justify;\"><span style=\"color: #000000;\"><b>Deshabilitar, rebutjar i eliminar cookies<\/b><\/span><\/h4>\n<p style=\"text-align: justify;\"><span style=\"color: #000000;\">L&#8217;Usuari pot deshabilitar, rebutjar i eliminar les cookies \u2014totalment o parcialment\u2014 instal\u00b7lades al seu dispositiu mitjan\u00e7ant la configuraci\u00f3 del seu navegador (entre els quals es troben, per exemple, Chrome, Firefox, Safari, Explorer). En aquest sentit, els procediments per rebutjar i eliminar les cookies poden diferir d&#8217;un navegador d&#8217;Internet a un altre. En conseq\u00fc\u00e8ncia, l&#8217;Usuari ha de dirigir-se a les instruccions facilitades pel propi navegador d&#8217;Internet que estigui utilitzant. En el cas que rebutgi l&#8217;\u00fas de cookies \u2014totalment o parcialment\u2014 podr\u00e0 seguir usant el Lloc Web, si b\u00e9 podr\u00e0 tenir limitada la utilitzaci\u00f3 d&#8217;algunes de les seves prestacions.<\/span><\/p>\n\t\t<\/div>\n\t\t[\/vc_column][\/vc_row]<\/p>\n<\/div>","protected":false},"excerpt":{"rendered":"<p>[vc_row full_width=&#8221;stretch_row&#8221; content_placement=&#8221;middle&#8221; css=&#8221;.vc_custom_1758038003002{margin-bottom: 40px !important;background-image: url(https:\/\/www.ferro.cat\/Despertaferro\/wp-content\/uploads\/2021\/11\/guerrero-agua-scaled.png?id=10520) !important;background-position: center !important;background-repeat: no-repeat !important;background-size: cover !important;}&#8221; woodmart_css_id=&#8221;68c987de6ec1f&#8221; responsive_spacing=&#8221;eyJwYXJhbV90eXBlIjoid29vZG1hcnRfcmVzcG9uc2l2ZV9zcGFjaW5nIiwic2VsZWN0b3JfaWQiOiI2OGM5ODdkZTZlYzFmIiwic2hvcnRjb2RlIjoidmNfcm93IiwiZGF0YSI6eyJ0YWJsZXQiOnt9LCJtb2JpbGUiOnt9fX0=&#8221; mobile_bg_img_hidden=&#8221;no&#8221; tablet_bg_img_hidden=&#8221;no&#8221; woodmart_parallax=&#8221;0&#8243; woodmart_gradient_switch=&#8221;no&#8221;<\/p>\n","protected":false},"author":1,"featured_media":0,"parent":0,"menu_order":0,"comment_status":"closed","ping_status":"closed","template":"","meta":{"footnotes":""},"class_list":["post-10635","page","type-page","status-publish","hentry"],"_links":{"self":[{"href":"https:\/\/www.ferro.cat\/Despertaferro\/wp-json\/wp\/v2\/pages\/10635","targetHints":{"allow":["GET"]}}],"collection":[{"href":"https:\/\/www.ferro.cat\/Despertaferro\/wp-json\/wp\/v2\/pages"}],"about":[{"href":"https:\/\/www.ferro.cat\/Despertaferro\/wp-json\/wp\/v2\/types\/page"}],"author":[{"embeddable":true,"href":"https:\/\/www.ferro.cat\/Despertaferro\/wp-json\/wp\/v2\/users\/1"}],"replies":[{"embeddable":true,"href":"https:\/\/www.ferro.cat\/Despertaferro\/wp-json\/wp\/v2\/comments?post=10635"}],"version-history":[{"count":2,"href":"https:\/\/www.ferro.cat\/Despertaferro\/wp-json\/wp\/v2\/pages\/10635\/revisions"}],"predecessor-version":[{"id":10637,"href":"https:\/\/www.ferro.cat\/Despertaferro\/wp-json\/wp\/v2\/pages\/10635\/revisions\/10637"}],"wp:attachment":[{"href":"https:\/\/www.ferro.cat\/Despertaferro\/wp-json\/wp\/v2\/media?parent=10635"}],"curies":[{"name":"wp","href":"https:\/\/api.w.org\/{rel}","templated":true}]}}