{"id":10628,"date":"2025-09-16T17:47:10","date_gmt":"2025-09-16T15:47:10","guid":{"rendered":"https:\/\/www.ferro.cat\/Despertaferro\/?page_id=10628"},"modified":"2025-09-16T17:57:31","modified_gmt":"2025-09-16T15:57:31","slug":"avis-legal","status":"publish","type":"page","link":"https:\/\/www.ferro.cat\/Despertaferro\/avis-legal\/","title":{"rendered":"Av\u00eds Legal"},"content":{"rendered":"<div class=\"wpb-content-wrapper\"><p>[vc_row full_width=&#8221;stretch_row&#8221; content_placement=&#8221;middle&#8221; css=&#8221;.vc_custom_1758038003002{margin-bottom: 40px !important;background-image: url(https:\/\/www.ferro.cat\/Despertaferro\/wp-content\/uploads\/2021\/11\/guerrero-agua-scaled.png?id=10520) !important;background-position: center !important;background-repeat: no-repeat !important;background-size: cover !important;}&#8221; woodmart_css_id=&#8221;68c987de6ec1f&#8221; responsive_spacing=&#8221;eyJwYXJhbV90eXBlIjoid29vZG1hcnRfcmVzcG9uc2l2ZV9zcGFjaW5nIiwic2VsZWN0b3JfaWQiOiI2OGM5ODdkZTZlYzFmIiwic2hvcnRjb2RlIjoidmNfcm93IiwiZGF0YSI6eyJ0YWJsZXQiOnt9LCJtb2JpbGUiOnt9fX0=&#8221; mobile_bg_img_hidden=&#8221;no&#8221; tablet_bg_img_hidden=&#8221;no&#8221; woodmart_parallax=&#8221;0&#8243; woodmart_gradient_switch=&#8221;no&#8221; woodmart_box_shadow=&#8221;no&#8221; wd_z_index=&#8221;no&#8221; woodmart_disable_overflow=&#8221;0&#8243; row_reverse_mobile=&#8221;0&#8243; row_reverse_tablet=&#8221;0&#8243;][vc_column]\t\t<div id=\"wd-68c986965ee52\" class=\"wd-text-block wd-wpb reset-last-child wd-rs-68c986965ee52 text-left \">\n\t\t\t<p style=\"text-align: justify;\"><span style=\"color: #000000;\"><strong>AV\u00cdS LEGAL I CONDICIONS GENERALS D&#8217;\u00daS<\/strong> <em><strong>www.ferro.cat<\/strong><\/em><\/span><\/p>\n<h3 style=\"text-align: justify;\"><span style=\"color: #000000;\">I. INFORMACI\u00d3 GENERAL<\/span><\/h3>\n<p style=\"text-align: justify;\"><span style=\"color: #000000;\">En compliment del deure d&#8217;informaci\u00f3 que estableix la Llei 34\/2002, d\u201911 de juliol, de Serveis de la Societat de la Informaci\u00f3 i de Comer\u00e7 Electr\u00f2nic (LSSI-CE), a continuaci\u00f3 es faciliten les dades d\u2019informaci\u00f3 general d&#8217;aquest lloc web:<\/span><\/p>\n<p style=\"text-align: justify;\"><span style=\"color: #000000;\">La titularitat d&#8217;aquest lloc web, <strong>www.ferro.cat<\/strong>, (d&#8217;ara endavant, Lloc Web) l&#8217;ostenta: Josep Aran S.L., prove\u00efda de NIF: B65098170 i inscrita a: amb les seg\u00fcents dades registrals: , el seu representant \u00e9s: Josep Aran, i les seves dades de contacte s\u00f3n:<\/span><\/p>\n<p style=\"text-align: justify;\"><span style=\"color: #000000;\"><strong>Adre\u00e7a:<\/strong> Rambla Nostra Senyora, 13 08720 Vilafranca del Pened\u00e8s, Barcelona <strong>Tel\u00e8fon de contacte:<\/strong> 93 688 46 09 <strong>Correu electr\u00f2nic de contacte:<\/strong> info@ferro.cat<\/span><\/p>\n<h3 style=\"text-align: justify;\"><span style=\"color: #000000;\">II. TERMES I CONDICIONS GENERALS D&#8217;\u00daS<\/span><\/h3>\n<h4 style=\"text-align: justify;\"><span style=\"color: #000000;\">L&#8217;objecte de les condicions: El Lloc Web<\/span><\/h4>\n<p style=\"text-align: justify;\"><span style=\"color: #000000;\">L&#8217;objecte de les presents Condicions Generals d&#8217;\u00das (d&#8217;ara endavant, Condicions) \u00e9s regular l&#8217;acc\u00e9s i la utilitzaci\u00f3 del Lloc Web. A l&#8217;efecte de les presents Condicions, s&#8217;entendr\u00e0 com a Lloc Web: l&#8217;aparen\u00e7a externa de les interf\u00edcies de pantalla, tant de forma est\u00e0tica com din\u00e0mica, \u00e9s a dir, l&#8217;arbre de navegaci\u00f3; i tots els elements integrats tant en les interf\u00edcies de pantalla com en l&#8217;arbre de navegaci\u00f3 (d&#8217;ara endavant, Continguts) i tots aquells serveis o recursos en l\u00ednia que, si escau, s&#8217;ofereixin als Usuaris (d&#8217;ara endavant, Serveis).<\/span><\/p>\n<p style=\"text-align: justify;\"><span style=\"color: #000000;\">La Rostisseria de Vilafranca del Pened\u00e8s es reserva la facultat de modificar, en qualsevol moment i sense av\u00eds previ, la presentaci\u00f3 i configuraci\u00f3 del Lloc Web i dels Continguts i Serveis que hi puguin estar incorporats. L&#8217;Usuari reconeix i accepta que en qualsevol moment La Rostisseria de Vilafranca del Pened\u00e8s pugui interrompre, desactivar i\/o cancel\u00b7lar qualsevol d&#8217;aquests elements que s&#8217;integren al Lloc Web o l&#8217;acc\u00e9s a aquests.<\/span><\/p>\n<p style=\"text-align: justify;\"><span style=\"color: #000000;\">L&#8217;acc\u00e9s al Lloc Web per part de l&#8217;Usuari t\u00e9 car\u00e0cter lliure i, per regla general, \u00e9s gratu\u00eft sense que l&#8217;Usuari hagi de proporcionar una contraprestaci\u00f3 per poder-ne gaudir, excepte pel que fa al cost de connexi\u00f3 a trav\u00e9s de la xarxa de telecomunicacions subministrada pel prove\u00efdor d&#8217;acc\u00e9s que hagu\u00e9s contractat l&#8217;Usuari.<\/span><\/p>\n<p style=\"text-align: justify;\"><span style=\"color: #000000;\">La utilitzaci\u00f3 dels Continguts no requereix cap subscripci\u00f3 o registre previs.<\/span><\/p>\n<h4 style=\"text-align: justify;\"><span style=\"color: #000000;\">L&#8217;Usuari<\/span><\/h4>\n<p style=\"text-align: justify;\"><span style=\"color: #000000;\">L&#8217;acc\u00e9s, la navegaci\u00f3 i l&#8217;\u00fas del Lloc Web confereix la condici\u00f3 d&#8217;Usuari, de manera que s&#8217;accepten, des que s&#8217;inicia la navegaci\u00f3 pel Lloc Web, totes les Condicions aqu\u00ed establertes, aix\u00ed com les seves modificacions ulteriors, sense perjudici de l&#8217;aplicaci\u00f3 de la corresponent normativa legal d&#8217;obligat compliment segons el cas. Donada la rellev\u00e0ncia d&#8217;aquest punt, es recomana a l&#8217;Usuari llegir-les cada vegada que visiti el Lloc Web.<\/span><\/p>\n<p style=\"text-align: justify;\"><span style=\"color: #000000;\">El Lloc Web de La Rostisseria de Vilafranca del Pened\u00e8s proporciona una gran diversitat d&#8217;informaci\u00f3, serveis i dades. L&#8217;Usuari assumeix la seva responsabilitat per fer un \u00fas correcte del Lloc Web. Aquesta responsabilitat s&#8217;estendr\u00e0 a:<\/span><\/p>\n<ul style=\"text-align: justify;\">\n<li><span style=\"color: #000000;\">Un \u00fas de la informaci\u00f3, Continguts i\/o Serveis i dades oferts per La Rostisseria de Vilafranca del Pened\u00e8s que no sigui contrari al que disposen les presents Condicions, la Llei, la moral o l&#8217;ordre p\u00fablic, o que de qualsevol altra manera puguin suposar una lesi\u00f3 dels drets de tercers o del mateix funcionament del Lloc Web.<\/span><\/li>\n<li><span style=\"color: #000000;\">La veracitat i licitud de les informacions aportades per l&#8217;Usuari en els formularis que La Rostisseria de Vilafranca del Pened\u00e8s hagi habilitat per a l&#8217;acc\u00e9s a determinats Continguts o Serveis oferts pel Lloc Web. En tot cas, l&#8217;Usuari notificar\u00e0 de forma immediata a La Rostisseria de Vilafranca del Pened\u00e8s qualsevol fet que permeti l&#8217;\u00fas indegut de la informaci\u00f3 registrada en aquests formularis, com ara, per\u00f2 no nom\u00e9s, el robatori, p\u00e8rdua, o l&#8217;acc\u00e9s no autoritzat a identificadors i\/o contrasenyes, per tal de procedir a la seva immediata cancel\u00b7laci\u00f3.<\/span><\/li>\n<\/ul>\n<p style=\"text-align: justify;\"><span style=\"color: #000000;\">El simple acc\u00e9s a aquest Lloc Web no suposa establir cap tipus de relaci\u00f3 de car\u00e0cter comercial entre La Rostisseria de Vilafranca del Pened\u00e8s i l&#8217;Usuari.<\/span><\/p>\n<p style=\"text-align: justify;\"><span style=\"color: #000000;\">L&#8217;Usuari declara ser major d&#8217;edat i disposar de la capacitat jur\u00eddica suficient per a vincular-se per les presents Condicions. Per tant, aquest Lloc Web de La Rostisseria de Vilafranca del Pened\u00e8s no es dirigeix a menors d&#8217;edat. La Rostisseria de Vilafranca del Pened\u00e8s declina qualsevol responsabilitat per l&#8217;incompliment d&#8217;aquest requisit.<\/span><\/p>\n<h3 style=\"text-align: justify;\"><span style=\"color: #000000;\">III. ACC\u00c9S I NAVEGACI\u00d3 AL LLOC WEB: EXCLUSI\u00d3 DE GARANTIES I RESPONSABILITAT<\/span><\/h3>\n<p style=\"text-align: justify;\"><span style=\"color: #000000;\">La Rostisseria de Vilafranca del Pened\u00e8s no garanteix la continu\u00eftat, disponibilitat i utilitat del Lloc Web, ni dels Continguts o Serveis. La Rostisseria de Vilafranca del Pened\u00e8s far\u00e0 tot el possible pel bon funcionament del Lloc Web, per\u00f2 no es responsabilitza ni garanteix que l&#8217;acc\u00e9s a aquest Lloc Web no sigui ininterromput o estigui lliure d&#8217;error.<\/span><\/p>\n<p style=\"text-align: justify;\"><span style=\"color: #000000;\">Tampoc es responsabilitza o garanteix que el contingut o el programari al qual es pugui accedir a trav\u00e9s d&#8217;aquest Lloc Web estigui lliure d&#8217;error o causi un dany al sistema inform\u00e0tic (programari i maquinari) de l&#8217;Usuari. En cap cas La Rostisseria de Vilafranca del Pened\u00e8s ser\u00e0 responsable per les p\u00e8rdues, danys o perjudicis de qualsevol tipus que sorgeixin per l&#8217;acc\u00e9s, la navegaci\u00f3 i l&#8217;\u00fas del Lloc Web, incloent-hi, per\u00f2 no limitant-se a, els ocasionats als sistemes inform\u00e0tics o els provocats per la introducci\u00f3 de virus.<\/span><\/p>\n<p style=\"text-align: justify;\"><span style=\"color: #000000;\">La Rostisseria de Vilafranca del Pened\u00e8s tampoc es fa responsable dels danys que es puguin ocasionar als usuaris per un \u00fas inadequat d&#8217;aquest Lloc Web. En particular, no es fa responsable de cap manera de les caigudes, interrupcions, falta o defecte de les telecomunicacions que puguin oc\u00f3rrer.<\/span><\/p>\n<h3 style=\"text-align: justify;\"><span style=\"color: #000000;\">IV. POL\u00cdTICA D&#8217;ENLLA\u00c7OS<\/span><\/h3>\n<p style=\"text-align: justify;\"><span style=\"color: #000000;\">S&#8217;informa que el Lloc Web de La Rostisseria de Vilafranca del Pened\u00e8s posa o pot posar a disposici\u00f3 dels Usuaris mitjans d&#8217;enlla\u00e7 (com, entre altres, enlla\u00e7os, b\u00e0ners, botons), directoris i motors de cerca que permeten als Usuaris accedir a llocs web pertanyents i\/o gestionats per tercers.<\/span><\/p>\n<p style=\"text-align: justify;\"><span style=\"color: #000000;\">La instal\u00b7laci\u00f3 d&#8217;aquests enlla\u00e7os, directoris i motors de cerca al Lloc Web t\u00e9 per objecte facilitar als Usuaris la cerca i l&#8217;acc\u00e9s a la informaci\u00f3 disponible a Internet, sense que es pugui considerar un suggeriment, recomanaci\u00f3 o invitaci\u00f3 per a la visita d&#8217;aquests.<\/span><\/p>\n<p style=\"text-align: justify;\"><span style=\"color: #000000;\">La Rostisseria de Vilafranca del Pened\u00e8s no ofereix ni comercialitza per si mateixa ni per mitj\u00e0 de tercers els productes i\/o serveis disponibles en aquests llocs enlla\u00e7ats.<\/span><\/p>\n<p style=\"text-align: justify;\"><span style=\"color: #000000;\">Aix\u00ed mateix, tampoc garantir\u00e0 la disponibilitat t\u00e8cnica, exactitud, veracitat, validesa o legalitat de llocs aliens a la seva propietat als quals es pugui accedir per mitj\u00e0 dels enlla\u00e7os.<\/span><\/p>\n<p style=\"text-align: justify;\"><span style=\"color: #000000;\">La Rostisseria de Vilafranca del Pened\u00e8s en cap cas revisar\u00e0 o controlar\u00e0 el contingut d&#8217;altres llocs web, ni tampoc aprova, examina ni fa seus els productes i serveis, continguts, arxius i qualsevol altre material existent en els referits llocs enlla\u00e7ats.<\/span><\/p>\n<p style=\"text-align: justify;\"><span style=\"color: #000000;\">La Rostisseria de Vilafranca del Pened\u00e8s no assumeix cap responsabilitat pels danys i perjudicis que es puguin produir per l&#8217;acc\u00e9s, \u00fas, qualitat o licitud dels continguts, comunicacions, opinions, productes i serveis dels llocs web no gestionats per La Rostisseria de Vilafranca del Pened\u00e8s i que siguin enlla\u00e7ats en aquest Lloc Web.<\/span><\/p>\n<p style=\"text-align: justify;\"><span style=\"color: #000000;\">L&#8217;Usuari o tercer que faci un hipervincle des d&#8217;una p\u00e0gina web d&#8217;un altre lloc web al Lloc Web de La Rostisseria de Vilafranca del Pened\u00e8s haur\u00e0 de saber que:<\/span><\/p>\n<ul style=\"text-align: justify;\">\n<li><span style=\"color: #000000;\">No es permet la reproducci\u00f3 \u2014total o parcial\u2014 de cap dels Continguts i\/o Serveis del Lloc Web sense autoritzaci\u00f3 expressa de La Rostisseria de Vilafranca del Pened\u00e8s.<\/span><\/li>\n<li><span style=\"color: #000000;\">No es permet tampoc cap manifestaci\u00f3 falsa, inexacta o incorrecta sobre el Lloc Web de La Rostisseria de Vilafranca del Pened\u00e8s, ni sobre els Continguts i\/o Serveis d&#8217;aquest.<\/span><\/li>\n<li><span style=\"color: #000000;\">A excepci\u00f3 de l&#8217;hipervincle, el lloc web en el qual s&#8217;estableixi l&#8217;esmentat hiperenlla\u00e7 no contindr\u00e0 cap element d&#8217;aquest Lloc Web protegit com a propietat intel\u00b7lectual per l&#8217;ordenament jur\u00eddic espanyol, excepte autoritzaci\u00f3 expressa de La Rostisseria de Vilafranca del Pened\u00e8s.<\/span><\/li>\n<li><span style=\"color: #000000;\">L&#8217;establiment de l&#8217;hipervincle no implicar\u00e0 l&#8217;exist\u00e8ncia de relacions entre La Rostisseria de Vilafranca del Pened\u00e8s i el titular del lloc web des del qual es realitzi, ni el coneixement i l&#8217;acceptaci\u00f3 per part de La Rostisseria de Vilafranca del Pened\u00e8s dels continguts, serveis i\/o activitats ofertes en l&#8217;esmentat lloc web, i viceversa.<\/span><\/li>\n<\/ul>\n<h3 style=\"text-align: justify;\"><span style=\"color: #000000;\">V. PROPIETAT INTEL\u00b7LECTUAL I INDUSTRIAL<\/span><\/h3>\n<p style=\"text-align: justify;\"><span style=\"color: #000000;\">La Rostisseria de Vilafranca del Pened\u00e8s per si mateixa o com a part cession\u00e0ria, \u00e9s titular de tots els drets de propietat intel\u00b7lectual i industrial del Lloc Web, aix\u00ed com dels elements continguts en aquest (a t\u00edtol enunciatiu i no exhaustiu, imatges, so, \u00e0udio, v\u00eddeo, programari o textos, marques o logotips, combinacions de colors, estructura i disseny, selecci\u00f3 de materials usats, programes d&#8217;ordinador necessaris per al seu funcionament, acc\u00e9s i \u00fas, etc.). Seran, per tant, obres protegides com a propietat intel\u00b7lectual per l&#8217;ordenament jur\u00eddic espanyol, sent-los aplicable tant la normativa espanyola i comunit\u00e0ria en aquest camp, com els tractats internacionals relatius a la mat\u00e8ria i subscrits per Espanya.<\/span><\/p>\n<p style=\"text-align: justify;\"><span style=\"color: #000000;\">Tots els drets reservats. En virtut del que disposa la Llei de Propietat Intel\u00b7lectual, queden expressament prohibides la reproducci\u00f3, la distribuci\u00f3 i la comunicaci\u00f3 p\u00fablica, inclosa la seva modalitat de posada a disposici\u00f3, de la totalitat o part dels continguts d&#8217;aquesta p\u00e0gina web, amb fins comercials, en qualsevol suport i per qualsevol mitj\u00e0 t\u00e8cnic, sense l&#8217;autoritzaci\u00f3 de La Rostisseria de Vilafranca del Pened\u00e8s.<\/span><\/p>\n<p style=\"text-align: justify;\"><span style=\"color: #000000;\">L&#8217;Usuari es compromet a respectar els drets de propietat intel\u00b7lectual i industrial de La Rostisseria de Vilafranca del Pened\u00e8s. Podr\u00e0 visualitzar els elements del Lloc Web o fins i tot imprimir-los, copiar-los i emmagatzemar-los en el disc dur del seu ordinador o en qualsevol altre suport f\u00edsic sempre que sigui, exclusivament, per al seu \u00fas personal. L&#8217;Usuari, per\u00f2, no podr\u00e0 suprimir, alterar o manipular qualsevol dispositiu de protecci\u00f3 o sistema de seguretat que estigu\u00e9s instal\u00b7lat al Lloc Web.<\/span><\/p>\n<p style=\"text-align: justify;\"><span style=\"color: #000000;\">En cas que l&#8217;Usuari o tercer consideri que qualsevol dels Continguts del Lloc Web suposa una violaci\u00f3 dels drets de protecci\u00f3 de la propietat intel\u00b7lectual, haur\u00e0 de comunicar-ho immediatament a La Rostisseria de Vilafranca del Pened\u00e8s a trav\u00e9s de les dades de contacte de l&#8217;apartat d&#8217;INFORMACI\u00d3 GENERAL d&#8217;aquest Av\u00eds Legal i Condicions Generals d&#8217;\u00das.<\/span><\/p>\n<h3 style=\"text-align: justify;\"><span style=\"color: #000000;\">VI. ACCIONS LEGALS, LEGISLACI\u00d3 APLICABLE I JURISDICCI\u00d3<\/span><\/h3>\n<p style=\"text-align: justify;\"><span style=\"color: #000000;\">La Rostisseria de Vilafranca del Pened\u00e8s es reserva la facultat de presentar les accions civils o penals que consideri necess\u00e0ries per la utilitzaci\u00f3 indeguda del Lloc Web i Continguts, o per l&#8217;incompliment de les presents Condicions.<\/span><\/p>\n<p style=\"text-align: justify;\"><span style=\"color: #000000;\">La relaci\u00f3 entre l&#8217;Usuari i La Rostisseria de Vilafranca del Pened\u00e8s es regir\u00e0 per la normativa vigent i d&#8217;aplicaci\u00f3 en el territori espanyol. En cas que sorgeixi qualsevol controv\u00e8rsia en relaci\u00f3 amb la interpretaci\u00f3 i\/o l&#8217;aplicaci\u00f3 d&#8217;aquestes Condicions, les parts sotmetran els seus conflictes a la jurisdicci\u00f3 ordin\u00e0ria sotmetent-se als jutges i tribunals que corresponguin conforme a dret.<\/span><\/p>\n\t\t<\/div>\n\t\t[\/vc_column][\/vc_row]<\/p>\n<\/div>","protected":false},"excerpt":{"rendered":"<p>[vc_row full_width=&#8221;stretch_row&#8221; content_placement=&#8221;middle&#8221; css=&#8221;.vc_custom_1758038003002{margin-bottom: 40px !important;background-image: url(https:\/\/www.ferro.cat\/Despertaferro\/wp-content\/uploads\/2021\/11\/guerrero-agua-scaled.png?id=10520) !important;background-position: center !important;background-repeat: no-repeat !important;background-size: cover !important;}&#8221; woodmart_css_id=&#8221;68c987de6ec1f&#8221; responsive_spacing=&#8221;eyJwYXJhbV90eXBlIjoid29vZG1hcnRfcmVzcG9uc2l2ZV9zcGFjaW5nIiwic2VsZWN0b3JfaWQiOiI2OGM5ODdkZTZlYzFmIiwic2hvcnRjb2RlIjoidmNfcm93IiwiZGF0YSI6eyJ0YWJsZXQiOnt9LCJtb2JpbGUiOnt9fX0=&#8221; mobile_bg_img_hidden=&#8221;no&#8221; tablet_bg_img_hidden=&#8221;no&#8221; woodmart_parallax=&#8221;0&#8243; woodmart_gradient_switch=&#8221;no&#8221;<\/p>\n","protected":false},"author":1,"featured_media":0,"parent":0,"menu_order":0,"comment_status":"closed","ping_status":"closed","template":"","meta":{"footnotes":""},"class_list":["post-10628","page","type-page","status-publish","hentry"],"_links":{"self":[{"href":"https:\/\/www.ferro.cat\/Despertaferro\/wp-json\/wp\/v2\/pages\/10628","targetHints":{"allow":["GET"]}}],"collection":[{"href":"https:\/\/www.ferro.cat\/Despertaferro\/wp-json\/wp\/v2\/pages"}],"about":[{"href":"https:\/\/www.ferro.cat\/Despertaferro\/wp-json\/wp\/v2\/types\/page"}],"author":[{"embeddable":true,"href":"https:\/\/www.ferro.cat\/Despertaferro\/wp-json\/wp\/v2\/users\/1"}],"replies":[{"embeddable":true,"href":"https:\/\/www.ferro.cat\/Despertaferro\/wp-json\/wp\/v2\/comments?post=10628"}],"version-history":[{"count":3,"href":"https:\/\/www.ferro.cat\/Despertaferro\/wp-json\/wp\/v2\/pages\/10628\/revisions"}],"predecessor-version":[{"id":10630,"href":"https:\/\/www.ferro.cat\/Despertaferro\/wp-json\/wp\/v2\/pages\/10628\/revisions\/10630"}],"wp:attachment":[{"href":"https:\/\/www.ferro.cat\/Despertaferro\/wp-json\/wp\/v2\/media?parent=10628"}],"curies":[{"name":"wp","href":"https:\/\/api.w.org\/{rel}","templated":true}]}}